{"id":92,"date":"2012-03-27T16:12:24","date_gmt":"2012-03-27T16:12:24","guid":{"rendered":"http:\/\/www.der-pfau.de\/?page_id=92"},"modified":"2013-02-20T09:45:10","modified_gmt":"2013-02-20T09:45:10","slug":"impressum","status":"publish","type":"page","link":"https:\/\/www.der-pfau.de\/index.php\/impressum\/","title":{"rendered":"Impressum"},"content":{"rendered":"<p>Pfau<br \/>\nFachbetrieb f\u00fcr Baumpflege<\/p>\n<p>&nbsp;<\/p>\n<p>Steffen Pfau<\/p>\n<p>Maria-Theresia-Stra\u00dfe 10c<\/p>\n<p>86919 Utting am Ammersee<\/p>\n<table>\n<tbody>\n<tr>\n<td width=\"70\">TEL:<\/td>\n<td>+49 (0)8806 \/ 959413<\/td>\n<\/tr>\n<tr>\n<td>FAX:<\/td>\n<td>+49 (0)8806 \/ 959415<\/td>\n<\/tr>\n<tr>\n<td>MOBIL:<\/td>\n<td>+49 (0)179 \/ 1351893<\/td>\n<\/tr>\n<tr>\n<td>WEB:<\/td>\n<td>www.der-pfau.de<\/td>\n<\/tr>\n<tr>\n<td>MAIL:<\/td>\n<td>mail@der-pfau.de<\/td>\n<\/tr>\n<\/tbody>\n<\/table>\n<p>Steuernummer: 131\/257\/30420<\/p>\n<p><strong>Haftungshinweis:<\/strong><br \/>\nTrotz sorgf\u00e4ltiger inhaltlicher Kontrolle \u00fcbernehmen wir keine Haftung f\u00fcr die Inhalte externer Links. F\u00fcr den Inhalt der verlinkten Seiten sind ausschlie\u00dflich deren Betreiber verantwortlich.<\/p>\n<p>Entwicklung: <a href=\"http:\/\/www.thiguten.de\">thi.guten Software Entwicklung<\/a><br \/>\nLogo: Thomas Jankovic, <a href=\"http:\/\/www.engelspartner.net\">Engels+Partner<\/a><\/p>\n","protected":false},"excerpt":{"rendered":"<p>Pfau Fachbetrieb f\u00fcr Baumpflege &nbsp; Steffen Pfau Maria-Theresia-Stra\u00dfe 10c 86919 Utting am Ammersee TEL: +49 (0)8806 \/ 959413 FAX: +49 (0)8806 \/ 959415 MOBIL: +49 (0)179 \/ 1351893 WEB: www.der-pfau.de MAIL: mail@der-pfau.de Steuernummer: 131\/257\/30420 Haftungshinweis: Trotz sorgf\u00e4ltiger inhaltlicher Kontrolle \u00fcbernehmen &hellip; <a href=\"https:\/\/www.der-pfau.de\/index.php\/impressum\/\">Weiterlesen <span class=\"meta-nav\">&rarr;<\/span><\/a><\/p>\n","protected":false},"author":1,"featured_media":0,"parent":0,"menu_order":111,"comment_status":"closed","ping_status":"open","template":"sidebar-page.php","meta":{"footnotes":""},"class_list":["post-92","page","type-page","status-publish","hentry"],"_links":{"self":[{"href":"https:\/\/www.der-pfau.de\/index.php\/wp-json\/wp\/v2\/pages\/92","targetHints":{"allow":["GET"]}}],"collection":[{"href":"https:\/\/www.der-pfau.de\/index.php\/wp-json\/wp\/v2\/pages"}],"about":[{"href":"https:\/\/www.der-pfau.de\/index.php\/wp-json\/wp\/v2\/types\/page"}],"author":[{"embeddable":true,"href":"https:\/\/www.der-pfau.de\/index.php\/wp-json\/wp\/v2\/users\/1"}],"replies":[{"embeddable":true,"href":"https:\/\/www.der-pfau.de\/index.php\/wp-json\/wp\/v2\/comments?post=92"}],"version-history":[{"count":10,"href":"https:\/\/www.der-pfau.de\/index.php\/wp-json\/wp\/v2\/pages\/92\/revisions"}],"predecessor-version":[{"id":1635,"href":"https:\/\/www.der-pfau.de\/index.php\/wp-json\/wp\/v2\/pages\/92\/revisions\/1635"}],"wp:attachment":[{"href":"https:\/\/www.der-pfau.de\/index.php\/wp-json\/wp\/v2\/media?parent=92"}],"curies":[{"name":"wp","href":"https:\/\/api.w.org\/{rel}","templated":true}]}}