{"id":7,"date":"2012-03-13T09:31:58","date_gmt":"2012-03-13T09:31:58","guid":{"rendered":"http:\/\/www.der-pfau.de\/?page_id=7"},"modified":"2014-12-05T17:22:20","modified_gmt":"2014-12-05T17:22:20","slug":"partner","status":"publish","type":"page","link":"https:\/\/www.der-pfau.de\/index.php\/partner\/","title":{"rendered":"Auszug aus unseren Refererenzen"},"content":{"rendered":"<h1>Architekturb\u00fcros<\/h1>\n<ul>\n<li>B\u00fcro f\u00fcr Garten und Landschaft Andreas Kicherer M\u00fcnchen<\/li>\n<li>Monika Gaertner Architektin Diessen am Ammersee<\/li>\n<li>Krestl und Brand Architektengemeinschaft Utting am Ammersee<\/li>\n<li>Tilch und Drexler Architekten Diessen am Ammersee<\/li>\n<\/ul>\n<h1>Ingenieurb\u00fcros, Gutachter<\/h1>\n<ul>\n<li>Tree Consult Brudi und Partner Gauting<\/li>\n<li>Ingenieur- und Gutachterb\u00fcro Dr.-Ing Lothar Wessolly Stuttgart<\/li>\n<\/ul>\n<h1>Baufirmen<\/h1>\n<ul>\n<li>Lorenz Leitenmaier Stra\u00dfen- und Tiefbau GmbH Ziemetshausen<\/li>\n<li>Weberbau Utting am Ammersee<\/li>\n<li>Walter Wohn- und Gewerbebau Eulenried<\/li>\n<li>SE-BAU Landschaftsbau GmbH M\u00fcnchen<\/li>\n<\/ul>\n<h1>\u00d6ffentliche Auftraggeber<\/h1>\n<ul>\n<li>Lechtalbad Kaufering<\/li>\n<li>Warmbad Greifenberg<\/li>\n<li>Bayerische Verwaltung der staatlichen Schl\u00f6sser, G\u00e4rten und Seen<\/li>\n<li>Landkreisverwaltung Landratsamt Landsberg<\/li>\n<li>Landkreisverwaltung Landratsamt Starnberg<\/li>\n<li>Landkreisverwaltung Landratsamt M\u00fcnchen<\/li>\n<li>Gemeindeverwaltung Utting am Ammersee<\/li>\n<\/ul>\n<h1><strong>Private Auftraggeber<\/strong><\/h1>\n<ul>\n<li>Im F\u00fcnfseenland<\/li>\n<li>Im Bereich der Landkreise Weilheim, Landsberg, F\u00fcrstenfeldbruck und Starnberg<\/li>\n<li>Im Westen von M\u00fcnchen<\/li>\n<\/ul>\n<h1>PSA Revisionen<\/h1>\n<ul>\n<li>BUND Naturschutz Wartaweil<\/li>\n<li>Hochseilgarten Ammersee Utting<\/li>\n<li>Kaiser Haustechnik Utting<\/li>\n<li>FFW Utting<\/li>\n<li>FFW Landkreis Starnberg<\/li>\n<li>FFW Buch am Ammersee<\/li>\n<\/ul>\n<p><a href=\"http:\/\/www.der-pfau.de\/wp-content\/uploads\/2012\/07\/Fachagrarwirt_Baumpflege_Ba.jpg\"><img loading=\"lazy\" decoding=\"async\" class=\"alignleft size-full wp-image-878\" title=\"Fachagrarwirt_Baumpflege_Baumsanierung\" alt=\"\" src=\"http:\/\/www.der-pfau.de\/wp-content\/uploads\/2012\/07\/Fachagrarwirt_Baumpflege_Ba.jpg\" width=\"585\" height=\"150\" srcset=\"https:\/\/www.der-pfau.de\/wp-content\/uploads\/2012\/07\/Fachagrarwirt_Baumpflege_Ba.jpg 585w, https:\/\/www.der-pfau.de\/wp-content\/uploads\/2012\/07\/Fachagrarwirt_Baumpflege_Ba-300x76.jpg 300w, https:\/\/www.der-pfau.de\/wp-content\/uploads\/2012\/07\/Fachagrarwirt_Baumpflege_Ba-500x128.jpg 500w\" sizes=\"auto, (max-width: 585px) 100vw, 585px\" \/><\/a><\/p>\n<p>&nbsp;<\/p>\n","protected":false},"excerpt":{"rendered":"<p>Architekturb\u00fcros B\u00fcro f\u00fcr Garten und Landschaft Andreas Kicherer M\u00fcnchen Monika Gaertner Architektin Diessen am Ammersee Krestl und Brand Architektengemeinschaft Utting am Ammersee Tilch und Drexler Architekten Diessen am Ammersee Ingenieurb\u00fcros, Gutachter Tree Consult Brudi und Partner Gauting Ingenieur- und Gutachterb\u00fcro &hellip; <a href=\"https:\/\/www.der-pfau.de\/index.php\/partner\/\">Weiterlesen <span class=\"meta-nav\">&rarr;<\/span><\/a><\/p>\n","protected":false},"author":1,"featured_media":0,"parent":0,"menu_order":0,"comment_status":"closed","ping_status":"closed","template":"sidebar-page.php","meta":{"footnotes":""},"class_list":["post-7","page","type-page","status-publish","hentry"],"_links":{"self":[{"href":"https:\/\/www.der-pfau.de\/index.php\/wp-json\/wp\/v2\/pages\/7","targetHints":{"allow":["GET"]}}],"collection":[{"href":"https:\/\/www.der-pfau.de\/index.php\/wp-json\/wp\/v2\/pages"}],"about":[{"href":"https:\/\/www.der-pfau.de\/index.php\/wp-json\/wp\/v2\/types\/page"}],"author":[{"embeddable":true,"href":"https:\/\/www.der-pfau.de\/index.php\/wp-json\/wp\/v2\/users\/1"}],"replies":[{"embeddable":true,"href":"https:\/\/www.der-pfau.de\/index.php\/wp-json\/wp\/v2\/comments?post=7"}],"version-history":[{"count":30,"href":"https:\/\/www.der-pfau.de\/index.php\/wp-json\/wp\/v2\/pages\/7\/revisions"}],"predecessor-version":[{"id":9,"href":"https:\/\/www.der-pfau.de\/index.php\/wp-json\/wp\/v2\/pages\/7\/revisions\/9"}],"wp:attachment":[{"href":"https:\/\/www.der-pfau.de\/index.php\/wp-json\/wp\/v2\/media?parent=7"}],"curies":[{"name":"wp","href":"https:\/\/api.w.org\/{rel}","templated":true}]}}