{"id":19,"date":"2012-03-19T14:57:17","date_gmt":"2012-03-19T14:57:17","guid":{"rendered":"http:\/\/www.der-pfau.de\/?page_id=19"},"modified":"2012-03-21T20:33:50","modified_gmt":"2012-03-21T20:33:50","slug":"sitemap","status":"publish","type":"page","link":"https:\/\/www.der-pfau.de\/index.php\/sitemap\/","title":{"rendered":"Sitemap"},"content":{"rendered":"<ul id=\"sitemap_list\" class=\"sitemap_disp_level_0\">\n<li class=\"home-item\"><a href=\"https:\/\/www.der-pfau.de\" title=\"PFAU Fachbetrieb f\u00fcr Baumpflege\">PFAU Fachbetrieb f\u00fcr Baumpflege<\/a><\/li>\n<li class=\"page_item page-item-7\"><a href=\"https:\/\/www.der-pfau.de\/index.php\/partner\/\">Auszug aus unseren Refererenzen<\/a><\/li>\n<li class=\"page_item page-item-296\"><a href=\"https:\/\/www.der-pfau.de\/index.php\/profil-3\/\">B\u00e4ume&#8230; unser Handwerk<\/a><\/li>\n<li class=\"page_item page-item-2118\"><a href=\"https:\/\/www.der-pfau.de\/index.php\/datenschutzerklaerung\/\">Datenschutzerkl\u00e4rung<\/a><\/li>\n<li class=\"page_item page-item-19 current_page_item\"><a href=\"https:\/\/www.der-pfau.de\/index.php\/sitemap\/\" aria-current=\"page\">Sitemap<\/a><\/li>\n<li class=\"page_item page-item-1191\"><a href=\"https:\/\/www.der-pfau.de\/index.php\/kontakt\/\">So erreichen Sie uns&#8230;<\/a><\/li>\n<li class=\"page_item page-item-92\"><a href=\"https:\/\/www.der-pfau.de\/index.php\/impressum\/\">Impressum<\/a><\/li>\n<li class=\"cat-item cat-item-4\"><a href=\"https:\/\/www.der-pfau.de\/index.php\/category\/arbeiten-rund-um-den-baum\/\" title=\"Arbeiten rund um den Baum\">Arbeiten rund um den Baum<\/a>\n<ul>\n<li class=\"cat-item cat-item-5\"><a href=\"https:\/\/www.der-pfau.de\/index.php\/category\/arbeiten-rund-um-den-baum\/faellungen\/\" title=\"B\u00e4ume f\u00e4llen\">B\u00e4ume f\u00e4llen<\/a>\n<ul>\n\t<li class=\"post-item post-item-74\"><a href=\"https:\/\/www.der-pfau.de\/index.php\/wurzelstockentfernung\/\" title=\"Wurzelstockentfernung\">Wurzelstockentfernung<\/a><\/li>\n\t<li class=\"post-item post-item-160\"><a href=\"https:\/\/www.der-pfau.de\/index.php\/kranfallungen\/\" title=\"Kranf\u00e4llungen\">Kranf\u00e4llungen<\/a><\/li>\n\t<li class=\"post-item post-item-78\"><a href=\"https:\/\/www.der-pfau.de\/index.php\/abtragungen-mittels-seilklettertechnik\/\" title=\"Abtragungen mittels Seilklettertechnik\">Abtragungen mittels Seilklettertechnik<\/a><\/li>\n\t<li class=\"post-item post-item-76\"><a href=\"https:\/\/www.der-pfau.de\/index.php\/abtragungen-mittels-hubsteiger\/\" title=\"Abtragungen mittels Hubsteiger\">Abtragungen mittels Hubsteiger<\/a><\/li>\n<\/ul>\n<\/li>\n<li class=\"cat-item cat-item-6\"><a href=\"https:\/\/www.der-pfau.de\/index.php\/category\/arbeiten-rund-um-den-baum\/pflegemassnahmen\/\" title=\"B\u00e4ume pflegen\">B\u00e4ume pflegen<\/a>\n<ul>\n\t<li class=\"post-item post-item-86\"><a href=\"https:\/\/www.der-pfau.de\/index.php\/lichtraumprofile\/\" title=\"Lichtraumprofil \/ Herstellen von Durchfahrtsh\u00f6hen\">Lichtraumprofil \/ Herstellen von Durchfahrtsh\u00f6hen<\/a><\/li>\n\t<li class=\"post-item post-item-84\"><a href=\"https:\/\/www.der-pfau.de\/index.php\/kronenpflege\/\" title=\"Kronenpflege\">Kronenpflege<\/a><\/li>\n\t<li class=\"post-item post-item-80\"><a href=\"https:\/\/www.der-pfau.de\/index.php\/kronenauslichtung\/\" title=\"Kronenauslichtung\">Kronenauslichtung<\/a><\/li>\n\t<li class=\"post-item post-item-1018\"><a href=\"https:\/\/www.der-pfau.de\/index.php\/nachbehandlung-von-anfahrschaden\/\" title=\"Nachbehandlung von Anfahrsch\u00e4den\">Nachbehandlung von Anfahrsch\u00e4den<\/a><\/li>\n\t<li class=\"post-item post-item-82\"><a href=\"https:\/\/www.der-pfau.de\/index.php\/totholzentfernung\/\" title=\"Entfernung von abgestorbenen \u00c4sten \/ Totholzentfernung\">Entfernung von abgestorbenen \u00c4sten \/ Totholzentfernung<\/a><\/li>\n<\/ul>\n<\/li>\n<li class=\"cat-item cat-item-7\"><a href=\"https:\/\/www.der-pfau.de\/index.php\/category\/arbeiten-rund-um-den-baum\/sicherung-von-baumkronen\/\" title=\"Sicherung von Baumkronen\">Sicherung von Baumkronen<\/a>\n<ul>\n\t<li class=\"post-item post-item-2094\"><a href=\"https:\/\/www.der-pfau.de\/index.php\/stabilisierung-von-aufgerissenen-staemmen\/\" title=\"Stabilisierung von aufgerissenen St\u00e4mmen\">Stabilisierung von aufgerissenen St\u00e4mmen<\/a><\/li>\n\t<li class=\"post-item post-item-104\"><a href=\"https:\/\/www.der-pfau.de\/index.php\/systeme-zur-kronensicherung\/\" title=\"Systeme zur Kronensicherung\">Systeme zur Kronensicherung<\/a><\/li>\n\t<li class=\"post-item post-item-102\"><a href=\"https:\/\/www.der-pfau.de\/index.php\/sondermasnahmen\/\" title=\"Kronensicherungsschnitt\">Kronensicherungsschnitt<\/a><\/li>\n<\/ul>\n<\/li>\n<li class=\"cat-item cat-item-8\"><a href=\"https:\/\/www.der-pfau.de\/index.php\/category\/arbeiten-rund-um-den-baum\/baeume-pflanzen\/\" title=\"B\u00e4ume pflanzen\">B\u00e4ume pflanzen<\/a>\n<ul>\n\t<li class=\"post-item post-item-116\"><a href=\"https:\/\/www.der-pfau.de\/index.php\/ausfuhrung\/\" title=\"Ausf\u00fchrung\">Ausf\u00fchrung<\/a><\/li>\n\t<li class=\"post-item post-item-120\"><a href=\"https:\/\/www.der-pfau.de\/index.php\/verbesserung-von-baumstandorten\/\" title=\"Verbesserung von Baumstandorten\">Verbesserung von Baumstandorten<\/a><\/li>\n\t<li class=\"post-item post-item-118\"><a href=\"https:\/\/www.der-pfau.de\/index.php\/beratung-arten-sorten\/\" title=\"Arten \/ Sorten \/ G\u00fctebestimmungen\">Arten \/ Sorten \/ G\u00fctebestimmungen<\/a><\/li>\n<\/ul>\n<\/li>\n<li class=\"cat-item cat-item-9\"><a href=\"https:\/\/www.der-pfau.de\/index.php\/category\/arbeiten-rund-um-den-baum\/baum-und-baustelle\/\" title=\"B\u00e4ume auf Baustellen\">B\u00e4ume auf Baustellen<\/a>\n<ul>\n\t<li class=\"post-item post-item-106\"><a href=\"https:\/\/www.der-pfau.de\/index.php\/vor-baubeginn\/\" title=\"Schutzz\u00e4une f\u00fcr B\u00e4ume und Vegetationsfl\u00e4chen\">Schutzz\u00e4une f\u00fcr B\u00e4ume und Vegetationsfl\u00e4chen<\/a><\/li>\n\t<li class=\"post-item post-item-112\"><a href=\"https:\/\/www.der-pfau.de\/index.php\/aufastungen\/\" title=\"Herstellen von Durchfahrtsh\u00f6hen  Aufastungen\">Herstellen von Durchfahrtsh\u00f6hen  Aufastungen<\/a><\/li>\n\t<li class=\"post-item post-item-1018\"><a href=\"https:\/\/www.der-pfau.de\/index.php\/nachbehandlung-von-anfahrschaden\/\" title=\"Nachbehandlung von Anfahrsch\u00e4den\">Nachbehandlung von Anfahrsch\u00e4den<\/a><\/li>\n\t<li class=\"post-item post-item-479\"><a href=\"https:\/\/www.der-pfau.de\/index.php\/schutz-von-baumen-und-grosstrauchern\/\" title=\"Diese Ma\u00dfnahmen sch\u00fctzen den Geldbeutel\">Diese Ma\u00dfnahmen sch\u00fctzen den Geldbeutel<\/a><\/li>\n\t<li class=\"post-item post-item-108\"><a href=\"https:\/\/www.der-pfau.de\/index.php\/schutzzaune-fur-baume-und-vegetationsflachen\/\" title=\"Vor Baubeginn\">Vor Baubeginn<\/a><\/li>\n\t<li class=\"post-item post-item-114\"><a href=\"https:\/\/www.der-pfau.de\/index.php\/wurzelschutzmasnahmen-wurzelvorhange\/\" title=\"Wurzelschutzma\u00dfnahmen - Wurzelvorh\u00e4nge\">Wurzelschutzma\u00dfnahmen - Wurzelvorh\u00e4nge<\/a><\/li>\n\t<li class=\"post-item post-item-109\"><a href=\"https:\/\/www.der-pfau.de\/index.php\/uberfahrungen-innerhalb-der-kronentraufe\/\" title=\"Fl\u00e4chensanierung \/ Bodenbel\u00fcftung \/ Tiefenlockerung nach \u00dcberfahrungen\">Fl\u00e4chensanierung \/ Bodenbel\u00fcftung \/ Tiefenlockerung nach \u00dcberfahrungen<\/a><\/li>\n<\/ul>\n<\/li>\n<li class=\"cat-item cat-item-10\"><a href=\"https:\/\/www.der-pfau.de\/index.php\/category\/arbeiten-rund-um-den-baum\/artenschutz\/\" title=\"B\u00e4ume und Artenschutz\">B\u00e4ume und Artenschutz<\/a>\n<ul>\n\t<li class=\"post-item post-item-150\"><a href=\"https:\/\/www.der-pfau.de\/index.php\/beratung\/\" title=\"Beratung\">Beratung<\/a><\/li>\n\t<li class=\"post-item post-item-158\"><a href=\"https:\/\/www.der-pfau.de\/index.php\/einbauten-fur-besonders-geschutzte-tierarten\/\" title=\"Einbauten f\u00fcr besonders gesch\u00fctzte Tierarten\">Einbauten f\u00fcr besonders gesch\u00fctzte Tierarten<\/a><\/li>\n\t<li class=\"post-item post-item-156\"><a href=\"https:\/\/www.der-pfau.de\/index.php\/rechtliche-grundlagen\/\" title=\"Rechtliche Grundlagen\">Rechtliche Grundlagen<\/a><\/li>\n\t<li class=\"post-item post-item-152\"><a href=\"https:\/\/www.der-pfau.de\/index.php\/grundlagen\/\" title=\"Habitate contra Verkehrssicherheit\">Habitate contra Verkehrssicherheit<\/a><\/li>\n<\/ul>\n<\/li>\n<\/ul>\n<\/li>\n<li class=\"cat-item cat-item-1\"><a href=\"https:\/\/www.der-pfau.de\/index.php\/category\/home\/\" title=\"Home\">Home<\/a>\n<ul>\n\t<li class=\"post-item post-item-2155\"><a href=\"https:\/\/www.der-pfau.de\/index.php\/unser-lehrgangsangebot-2023\/\" title=\"Unser Lehrgangsangebot f\u00fcr 2026\">Unser Lehrgangsangebot f\u00fcr 2026<\/a><\/li>\n\t<li class=\"post-item post-item-1569\"><a href=\"https:\/\/www.der-pfau.de\/index.php\/die-kleine-tanne-das-kann-doch-jeder\/\" title=\"Die kleine Tanne? Das kann doch jeder...!\">Die kleine Tanne? Das kann doch jeder...!<\/a><\/li>\n<\/ul>\n<\/li>\n<\/ul>\n\n","protected":false},"excerpt":{"rendered":"<p>PFAU Fachbetrieb f\u00fcr Baumpflege Auszug aus unseren Refererenzen B\u00e4ume&#8230; unser Handwerk Datenschutzerkl\u00e4rung Sitemap So erreichen Sie uns&#8230; Impressum Arbeiten rund um den Baum B\u00e4ume f\u00e4llen Wurzelstockentfernung Kranf\u00e4llungen Abtragungen mittels Seilklettertechnik Abtragungen mittels Hubsteiger B\u00e4ume pflegen Lichtraumprofil \/ Herstellen von Durchfahrtsh\u00f6hen &hellip; <a href=\"https:\/\/www.der-pfau.de\/index.php\/sitemap\/\">Weiterlesen <span class=\"meta-nav\">&rarr;<\/span><\/a><\/p>\n","protected":false},"author":2,"featured_media":0,"parent":0,"menu_order":0,"comment_status":"closed","ping_status":"open","template":"sidebar-page.php","meta":{"footnotes":""},"class_list":["post-19","page","type-page","status-publish","hentry"],"_links":{"self":[{"href":"https:\/\/www.der-pfau.de\/index.php\/wp-json\/wp\/v2\/pages\/19","targetHints":{"allow":["GET"]}}],"collection":[{"href":"https:\/\/www.der-pfau.de\/index.php\/wp-json\/wp\/v2\/pages"}],"about":[{"href":"https:\/\/www.der-pfau.de\/index.php\/wp-json\/wp\/v2\/types\/page"}],"author":[{"embeddable":true,"href":"https:\/\/www.der-pfau.de\/index.php\/wp-json\/wp\/v2\/users\/2"}],"replies":[{"embeddable":true,"href":"https:\/\/www.der-pfau.de\/index.php\/wp-json\/wp\/v2\/comments?post=19"}],"version-history":[{"count":5,"href":"https:\/\/www.der-pfau.de\/index.php\/wp-json\/wp\/v2\/pages\/19\/revisions"}],"predecessor-version":[{"id":44,"href":"https:\/\/www.der-pfau.de\/index.php\/wp-json\/wp\/v2\/pages\/19\/revisions\/44"}],"wp:attachment":[{"href":"https:\/\/www.der-pfau.de\/index.php\/wp-json\/wp\/v2\/media?parent=19"}],"curies":[{"name":"wp","href":"https:\/\/api.w.org\/{rel}","templated":true}]}}